{"id":2685,"date":"2015-10-12T11:53:30","date_gmt":"2015-10-12T11:53:30","guid":{"rendered":"http:\/\/dev.crumina.net\/jolyness\/?page_id=2685"},"modified":"2023-04-27T09:28:48","modified_gmt":"2023-04-27T09:28:48","slug":"home-variation-2","status":"publish","type":"page","link":"https:\/\/dizmar.grupodizmar.com\/pt\/","title":{"rendered":"In\u00edcio"},"content":{"rendered":"<p>[vc_row css=&#8221;.vc_custom_1444651947448{margin-top: 0px !important;}&#8221;][vc_column][rev_slider_vc alias=&#8221;homevariant1&#8243;]<div class=\"title custom-heading \" data-effect=\"fade\">[vc_custom_heading text=\"O NOSSO COMPROMISO\" font_container=\"text_align:center|color:%23292723|tag:h1|font_size:30px\" google_fonts=\"\" use_theme_fonts=\"yes\"]<hr>[vc_custom_heading text=\"No GRUPO DIZMAR estamos comprometidos com nossos clientes\" font_container=\"text_align:center|color:%23292723|tag:p\" google_fonts=\"\" use_theme_fonts=\"yes\"]<\/div>[\/vc_column][\/vc_row][vc_row][vc_column width=&#8221;1\/3&#8243;]<div class=\"aio-icon-component   style_5\"><div class=\"aio-icon-box top-icon box-has-content \" style=\"\"  ><div class=\"aio-icon-top\">\n<span class=\"crum-icon  advanced  \" data-animation=\"\" data-animation-delay=\"0\"  >\n\t<i class=\"font-awesome-thumbs-o-up \" style=\"color:#21c2f8;border-style:solid;border-color:#a9a9a9;border-width:1px;width:80px;height:80px;line-height:80px;border-radius:500px;font-size:22px;\"><\/i>\n<\/span><\/div><div class=\"aio-icon-header\"><h3 class=\"aio-icon-title\">Qualidade<\/h3><\/div> <!-- header --><div class=\"aio-icon-description\"><\/p>\n<p style=\"text-align: left;\">A pol\u00edtica de qualidade GRUPO DIZMAR est\u00e1 constantemente a adaptar as directivas CE. Atualmente, dispomos do certificado de qualidade ISO 9001 para a constru\u00e7\u00e3o de edificios industriais e funda\u00e7\u00f5es de maquinaria industrial e estruturas metalicas com a marca CE.<\/p>\n<p><\/div> <!-- description --><\/div> <!-- aio-icon-box --><\/div> <!-- aio-icon-component -->[\/vc_column][vc_column width=&#8221;1\/3&#8243;]<div class=\"aio-icon-component   style_5\"><div class=\"aio-icon-box top-icon box-has-content \" style=\"\"  ><div class=\"aio-icon-top\">\n<span class=\"crum-icon  advanced  \" data-animation=\"\" data-animation-delay=\"0\"  >\n\t<i class=\"icomoon-clock \" style=\"color:#21c2f8;border-style:solid;border-color:#a9a9a9;border-width:1px;width:80px;height:80px;line-height:80px;border-radius:500px;font-size:22px;\"><\/i>\n<\/span><\/div><div class=\"aio-icon-header\"><h3 class=\"aio-icon-title\">Rapidez<\/h3><\/div> <!-- header --><div class=\"aio-icon-description\">Na GRUPO DIZMAR oferecemos respostas r\u00e1pidas, tentando reduzir os prazos de fabrica\u00e7\u00e3o e execu\u00e7\u00e3o de obra preservando sempre os padr\u00f5es de qualidade que os nossos clientes exigem.<\/div> <!-- description --><\/div> <!-- aio-icon-box --><\/div> <!-- aio-icon-component -->[\/vc_column][vc_column width=&#8221;1\/3&#8243;]<div class=\"aio-icon-component   style_5\"><div class=\"aio-icon-box top-icon box-has-content \" style=\"\"  ><div class=\"aio-icon-top\">\n<span class=\"crum-icon  advanced  \" data-animation=\"\" data-animation-delay=\"0\"  >\n\t<i class=\"font-awesome-check-square-o \" style=\"color:#21c2f8;border-style:solid;border-color:#a9a9a9;border-width:1px;width:80px;height:80px;line-height:80px;border-radius:500px;font-size:22px;\"><\/i>\n<\/span><\/div><div class=\"aio-icon-header\"><h3 class=\"aio-icon-title\">Compromisso<\/h3><\/div> <!-- header --><div class=\"aio-icon-description\">O esfor\u00e7o para satisfazer o cliente \u00e9 o foco de tudo o que fazemos. O futuro do GRUPO DIZMAR ser\u00e1 definida pela qualidade da nossa resposta \u00e0s necessidades dos clientes.<\/div> <!-- description --><\/div> <!-- aio-icon-box --><\/div> <!-- aio-icon-component -->[\/vc_column][\/vc_row][vc_row full_width=&#8221;stretch_row_content&#8221; css=&#8221;.vc_custom_1444991848085{border-top-width: 1px !important;padding-top: 60px !important;padding-bottom: 0px !important;background-color: #f6f6f6 !important;border-top-color: #eeeeee !important;border-top-style: solid !important;}&#8221;][vc_column]<div class=\"title custom-heading \" data-effect=\"fade\">[vc_custom_heading text=\"NOSSOS PROJETOS\" font_container=\"text_align:center|color:%23292723|tag:h1|font_size:30px\" google_fonts=\"\" use_theme_fonts=\"yes\"]<hr>[vc_custom_heading text=\"Uma mostra de alguns dos nossos projetos\" font_container=\"text_align:center|color:%23292723|tag:p\" google_fonts=\"\" use_theme_fonts=\"yes\"]<\/div>[vc_basic_grid post_type=&#8221;post&#8221; max_items=&#8221;3&#8243; gap=&#8221;35&#8243; orderby=&#8221;modified&#8221; item=&#8221;masonryGrid_FadeIn&#8221; grid_id=&#8221;vc_gid:1484648628622-d917362d-5313-0&#8243; css=&#8221;.vc_custom_1478029843710{padding-top: 20px !important;}&#8221;][\/vc_column][\/vc_row][vc_row full_width=&#8221;stretch_row&#8221; parallax=&#8221;content-moving&#8221; enable_overlay=&#8221;1&#8243; css=&#8221;.vc_custom_1484648652357{padding-top: 60px !important;padding-bottom: 80px !important;background-image: url(http:\/\/dizmar.grupodizmar.com\/wp-content\/uploads\/2017\/01\/slider_1.jpg?id=4502) !important;}&#8221; overlay_image=&#8221;2448&#8243;][vc_column]<div class=\"title custom-heading \" data-effect=\"fade\">[vc_custom_heading text=\"NOSSOS SERVI\u00c7OS\" font_container=\"text_align:center|color:%23ffffff|tag:h1|font_size:30px\" google_fonts=\"\" use_theme_fonts=\"yes\"]<hr>[vc_custom_heading text=\"Especializados e qualificados para resolver qualquer tipo de projetos de constru\u00e7\u00e3o\" font_container=\"text_align:center|color:%23ffffff|tag:p\" google_fonts=\"\" use_theme_fonts=\"yes\"]<\/div>[vc_empty_space height=&#8221;70&#8243;][vc_row_inner][vc_column_inner width=&#8221;1\/4&#8243;]<div id=\"pie-chart_pie_chart_id_5813275fe6619\" class=\"pie-chart\"><span class=\"pie-chart-value-general pie-chart-value_pie_chart_id_5813275fe6619\"><\/span><\/div><span class=\"vc-pie-chart-title\"><h3>ENGENHARIA E C\u00c1LCULO<\/h3><\/span>\r\n\t\t\t<script>\r\n\r\n\t\t\t\tjQuery(function () {\r\n\t\t\t\t\tjQuery(\"#pie-chart_pie_chart_id_5813275fe6619\").circleProgress({\r\n\t\t\t\t\t\tvalue: 0.97,\r\n\t\t\t\t\t\tsize: 200,\r\n\t\t\t\t\t\tstartAngle: -Math.PI \/ 4 * 2,\r\n\t\t\t\t\t\tthickness: '3',\r\n\t\t\t\t\t\tfill: {\r\n\t\t\t\t\t\t\t\t\t\t\t\t\t\t\tcolor: \"#21c2f8\",\r\n\t\t\t\t\t\t\t\t\t\t\t\t\t},\r\n\t\t\t\t\t\temptyFill: '#ffffff'\r\n\t\t\t\t\t})\r\n\t\t\t\t\t\t.on('circle-animation-progress', function(event, progress) {\r\n\t\t\t\t\t\tjQuery(this).find('.pie-chart-value_pie_chart_id_5813275fe6619').html(parseInt(97 * progress) + '<span>%<\/span>');\r\n\t\t\t\t\t\t})\r\n\t\t\t\t\t;\r\n\t\t\t\t})\r\n\r\n\t\t\t<\/script>\r\n\r\n\t\t\t[\/vc_column_inner][vc_column_inner width=&#8221;1\/4&#8243;]<div id=\"pie-chart_pie_chart_id_5813279f7ce92\" class=\"pie-chart\"><span class=\"pie-chart-value-general pie-chart-value_pie_chart_id_5813279f7ce92\"><\/span><\/div><span class=\"vc-pie-chart-title\"><h3>FABRICA\u00c7\u00c3O<\/h3><\/span>\r\n\t\t\t<script>\r\n\r\n\t\t\t\tjQuery(function () {\r\n\t\t\t\t\tjQuery(\"#pie-chart_pie_chart_id_5813279f7ce92\").circleProgress({\r\n\t\t\t\t\t\tvalue: 0.95,\r\n\t\t\t\t\t\tsize: 200,\r\n\t\t\t\t\t\tstartAngle: -Math.PI \/ 4 * 2,\r\n\t\t\t\t\t\tthickness: '3',\r\n\t\t\t\t\t\tfill: {\r\n\t\t\t\t\t\t\t\t\t\t\t\t\t\t\tcolor: \"#21c2f8\",\r\n\t\t\t\t\t\t\t\t\t\t\t\t\t},\r\n\t\t\t\t\t\temptyFill: '#ffffff'\r\n\t\t\t\t\t})\r\n\t\t\t\t\t\t.on('circle-animation-progress', function(event, progress) {\r\n\t\t\t\t\t\tjQuery(this).find('.pie-chart-value_pie_chart_id_5813279f7ce92').html(parseInt(95 * progress) + '<span>%<\/span>');\r\n\t\t\t\t\t\t})\r\n\t\t\t\t\t;\r\n\t\t\t\t})\r\n\r\n\t\t\t<\/script>\r\n\r\n\t\t\t[\/vc_column_inner][vc_column_inner width=&#8221;1\/4&#8243;]<div id=\"pie-chart_pie_chart_id_581327919b8ee\" class=\"pie-chart\"><span class=\"pie-chart-value-general pie-chart-value_pie_chart_id_581327919b8ee\"><\/span><\/div><span class=\"vc-pie-chart-title\"><h3>MONTAGEM<\/h3><\/span>\r\n\t\t\t<script>\r\n\r\n\t\t\t\tjQuery(function () {\r\n\t\t\t\t\tjQuery(\"#pie-chart_pie_chart_id_581327919b8ee\").circleProgress({\r\n\t\t\t\t\t\tvalue: 0.88,\r\n\t\t\t\t\t\tsize: 200,\r\n\t\t\t\t\t\tstartAngle: -Math.PI \/ 4 * 2,\r\n\t\t\t\t\t\tthickness: '3',\r\n\t\t\t\t\t\tfill: {\r\n\t\t\t\t\t\t\t\t\t\t\t\t\t\t\tcolor: \"#21c2f8\",\r\n\t\t\t\t\t\t\t\t\t\t\t\t\t},\r\n\t\t\t\t\t\temptyFill: '#ffffff'\r\n\t\t\t\t\t})\r\n\t\t\t\t\t\t.on('circle-animation-progress', function(event, progress) {\r\n\t\t\t\t\t\tjQuery(this).find('.pie-chart-value_pie_chart_id_581327919b8ee').html(parseInt(88 * progress) + '<span>%<\/span>');\r\n\t\t\t\t\t\t})\r\n\t\t\t\t\t;\r\n\t\t\t\t})\r\n\r\n\t\t\t<\/script>\r\n\r\n\t\t\t[\/vc_column_inner][vc_column_inner width=&#8221;1\/4&#8243;]<div id=\"pie-chart_pie_chart_id_581329d9d3977\" class=\"pie-chart\"><span class=\"pie-chart-value-general pie-chart-value_pie_chart_id_581329d9d3977\"><\/span><\/div><span class=\"vc-pie-chart-title\"><h3>CONSTRU\u00c7\u00c3O<\/h3><\/span>\r\n\t\t\t<script>\r\n\r\n\t\t\t\tjQuery(function () {\r\n\t\t\t\t\tjQuery(\"#pie-chart_pie_chart_id_581329d9d3977\").circleProgress({\r\n\t\t\t\t\t\tvalue: 0.90,\r\n\t\t\t\t\t\tsize: 200,\r\n\t\t\t\t\t\tstartAngle: -Math.PI \/ 4 * 2,\r\n\t\t\t\t\t\tthickness: '3',\r\n\t\t\t\t\t\tfill: {\r\n\t\t\t\t\t\t\t\t\t\t\t\t\t\t\tcolor: \"#21c2f8\",\r\n\t\t\t\t\t\t\t\t\t\t\t\t\t},\r\n\t\t\t\t\t\temptyFill: '#ffffff'\r\n\t\t\t\t\t})\r\n\t\t\t\t\t\t.on('circle-animation-progress', function(event, progress) {\r\n\t\t\t\t\t\tjQuery(this).find('.pie-chart-value_pie_chart_id_581329d9d3977').html(parseInt(90 * progress) + '<span>%<\/span>');\r\n\t\t\t\t\t\t})\r\n\t\t\t\t\t;\r\n\t\t\t\t})\r\n\r\n\t\t\t<\/script>\r\n\r\n\t\t\t[\/vc_column_inner][\/vc_row_inner][\/vc_column][\/vc_row]<\/p>","protected":false},"excerpt":{"rendered":"<p>[vc_row css=&#8221;.vc_custom_1444651947448{margin-top: 0px !important;}&#8221;][vc_column][rev_slider_vc alias=&#8221;homevariant1&#8243;][\/vc_column][\/vc_row][vc_row][vc_column width=&#8221;1\/3&#8243;][\/vc_column][vc_column width=&#8221;1\/3&#8243;][\/vc_column][vc_column width=&#8221;1\/3&#8243;][\/vc_column][\/vc_row][vc_row full_width=&#8221;stretch_row_content&#8221; css=&#8221;.vc_custom_1444991848085{border-top-width: 1px !important;padding-top: 60px !important;padding-bottom: 0px !important;background-color: #f6f6f6 !important;border-top-color: #eeeeee !important;border-top-style: solid !important;}&#8221;][vc_column][vc_basic_grid post_type=&#8221;post&#8221; max_items=&#8221;3&#8243; gap=&#8221;35&#8243; orderby=&#8221;modified&#8221; item=&#8221;masonryGrid_FadeIn&#8221; grid_id=&#8221;vc_gid:1484648628622-d917362d-5313-0&#8243; css=&#8221;.vc_custom_1478029843710{padding-top: 20px !important;}&#8221;][\/vc_column][\/vc_row][vc_row full_width=&#8221;stretch_row&#8221; parallax=&#8221;content-moving&#8221; enable_overlay=&#8221;1&#8243; css=&#8221;.vc_custom_1484648652357{padding-top: 60px !important;padding-bottom: 80px !important;background-image: url(http:\/\/dizmar.grupodizmar.com\/wp-content\/uploads\/2017\/01\/slider_1.jpg?id=4502) !important;}&#8221; overlay_image=&#8221;2448&#8243;][vc_column][vc_empty_space height=&#8221;70&#8243;][vc_row_inner][vc_column_inner width=&#8221;1\/4&#8243;][\/vc_column_inner][vc_column_inner width=&#8221;1\/4&#8243;][\/vc_column_inner][vc_column_inner<span class=\"hidden\"><a   rel=\"bookmark\" href=\"https:\/\/dizmar.grupodizmar.com\/pt\/\" title=\"Read In\u00edcio\" class=\"btn btn-normal\">Read more<\/a><\/span><\/p>\n","protected":false},"author":1,"featured_media":0,"parent":0,"menu_order":0,"comment_status":"closed","ping_status":"closed","template":"","meta":{"footnotes":""},"class_list":["post-2685","page","type-page","status-publish","hentry"],"_links":{"self":[{"href":"https:\/\/dizmar.grupodizmar.com\/pt\/wp-json\/wp\/v2\/pages\/2685","targetHints":{"allow":["GET"]}}],"collection":[{"href":"https:\/\/dizmar.grupodizmar.com\/pt\/wp-json\/wp\/v2\/pages"}],"about":[{"href":"https:\/\/dizmar.grupodizmar.com\/pt\/wp-json\/wp\/v2\/types\/page"}],"author":[{"embeddable":true,"href":"https:\/\/dizmar.grupodizmar.com\/pt\/wp-json\/wp\/v2\/users\/1"}],"replies":[{"embeddable":true,"href":"https:\/\/dizmar.grupodizmar.com\/pt\/wp-json\/wp\/v2\/comments?post=2685"}],"version-history":[{"count":38,"href":"https:\/\/dizmar.grupodizmar.com\/pt\/wp-json\/wp\/v2\/pages\/2685\/revisions"}],"predecessor-version":[{"id":4879,"href":"https:\/\/dizmar.grupodizmar.com\/pt\/wp-json\/wp\/v2\/pages\/2685\/revisions\/4879"}],"wp:attachment":[{"href":"https:\/\/dizmar.grupodizmar.com\/pt\/wp-json\/wp\/v2\/media?parent=2685"}],"curies":[{"name":"wp","href":"https:\/\/api.w.org\/{rel}","templated":true}]}}