
			
			
			
			{"id":2295,"date":"2015-10-09T10:32:58","date_gmt":"2015-10-09T10:32:58","guid":{"rendered":"http:\/\/dev.crumina.net\/jolyness\/?page_id=2295"},"modified":"2017-05-15T10:55:25","modified_gmt":"2017-05-15T10:55:25","slug":"somos","status":"publish","type":"page","link":"https:\/\/dizmar.grupodizmar.com\/pt\/somos\/","title":{"rendered":"Quem Somos"},"content":{"rendered":"<p>[vc_row][vc_column width=&#8221;1\/2&#8243;][vc_empty_space]<div class=\"crum-vc-slider module-wrapper team-members-slider\"\r\n\t\t\t\t\t\t\t\tdata-loop=\"true\"\r\n\t\t\t\t\t\t\t\tdata-items=\"1\"\r\n\t\t\t\t\t\t\t\tdata-nav=\"true\"\r\n\t\t\t\t\t\t\t\tdata-dots=\"false\"\r\n\t\t\t\t\t\t\t\tdata-autoplay=\"true\"\r\n\t\t\t\t\t\t\t\tdata-autoplayTimeout=\"3000\"\r\n\t\t\t\t\t\t\t\tdata-controls-style=\"false\"\r\n\t\t\t\t\t\t\t\t><div class=\"image-center\" ><a class=\"zoom-link\" href=\"https:\/\/dizmar.grupodizmar.com\/wp-content\/uploads\/2015\/10\/empresa.jpg\"><img decoding=\"async\" class=\"\"img-responsive\" src=\"https:\/\/dizmar.grupodizmar.com\/wp-content\/uploads\/2015\/10\/empresa-598x396_c.jpg\"\/><\/a><\/div><div class=\"image-center\" ><a class=\"zoom-link\" href=\"https:\/\/dizmar.grupodizmar.com\/wp-content\/uploads\/2015\/10\/empresa_3.jpg\"><img decoding=\"async\" class=\"\"img-responsive\" src=\"https:\/\/dizmar.grupodizmar.com\/wp-content\/uploads\/2015\/10\/empresa_3-598x396_c.jpg\"\/><\/a><\/div><div class=\"image-center\" ><a class=\"zoom-link\" href=\"https:\/\/dizmar.grupodizmar.com\/wp-content\/uploads\/2015\/10\/empresa_2.jpg\"><img decoding=\"async\" class=\"\"img-responsive\" src=\"https:\/\/dizmar.grupodizmar.com\/wp-content\/uploads\/2015\/10\/empresa_2-598x396_c.jpg\"\/><\/a><\/div><\/div><!--slides-->[vc_row_inner][vc_column_inner width=&#8221;1\/3&#8243;]<div class=\"aio-icon-component   style_4\"><div class=\"aio-icon-box top-icon  \" style=\"\"  data-effect=\"slide-bottom\"><div class=\"aio-icon-top\">\n<span class=\"crum-icon  circle  \" data-animation=\"\" data-animation-delay=\"0\"  >\n\t<i class=\"font-awesome-thumbs-o-up hovicon effect-1 sub-a\" style=\"color:#ffffff;background:#21c2f8;width:70px;height:70px;line-height:70px;font-size:24px;\"><span class=\"circle-effect\" style=\"border-color:#21c2f8\"><\/span><\/i>\n<\/span><\/div><div class=\"aio-icon-header\"><h3 class=\"aio-icon-title\">Qualidade<\/h3><\/div> <!-- header --><\/div> <!-- aio-icon-box --><\/div> <!-- aio-icon-component -->[\/vc_column_inner][vc_column_inner width=&#8221;1\/3&#8243;]<div class=\"aio-icon-component   style_4\"><div class=\"aio-icon-box top-icon  \" style=\"\"  data-effect=\"slide-bottom\"><div class=\"aio-icon-top\">\n<span class=\"crum-icon  circle  \" data-animation=\"\" data-animation-delay=\"0\"  >\n\t<i class=\"icomoon-clock hovicon effect-1 sub-a\" style=\"color:#ffffff;background:#21c2f8;width:70px;height:70px;line-height:70px;font-size:24px;\"><span class=\"circle-effect\" style=\"border-color:#21c2f8\"><\/span><\/i>\n<\/span><\/div><div class=\"aio-icon-header\"><h3 class=\"aio-icon-title\">Rapidez<\/h3><\/div> <!-- header --><\/div> <!-- aio-icon-box --><\/div> <!-- aio-icon-component -->[\/vc_column_inner][vc_column_inner width=&#8221;1\/3&#8243;]<div class=\"aio-icon-component   style_4\"><div class=\"aio-icon-box top-icon  \" style=\"\"  data-effect=\"slide-bottom\"><div class=\"aio-icon-top\">\n<span class=\"crum-icon  circle  \" data-animation=\"\" data-animation-delay=\"0\"  >\n\t<i class=\"font-awesome-check-square-o hovicon effect-1 sub-a\" style=\"color:#ffffff;background:#21c2f8;width:70px;height:70px;line-height:70px;font-size:24px;\"><span class=\"circle-effect\" style=\"border-color:#21c2f8\"><\/span><\/i>\n<\/span><\/div><div class=\"aio-icon-header\"><h3 class=\"aio-icon-title\">Compromisso<\/h3><\/div> <!-- header --><\/div> <!-- aio-icon-box --><\/div> <!-- aio-icon-component -->[\/vc_column_inner][\/vc_row_inner][\/vc_column][vc_column width=&#8221;1\/2&#8243;][vc_column_text]<\/p>\n<h1>Talleres Dizmar, S.L.<\/h1>\n<p>Talleres\u00a0Dizmar, S.L. nasceu em Porrino, Pontevedra e \u00e9 uma das empresas pertencentes ao GRUPO DIZMAR, fundado\u00a0em 1974 como uma loja de soldadura e caldeira.<\/p>\n<p>Com o nosso trabalho e desejo de melhorar, ano ap\u00f3s ano, temos vindo especializar em repara\u00e7\u00e3o e fabrica\u00e7\u00e3o de engates para maquinaria pesada, manuten\u00e7\u00e3o de instala\u00e7\u00f5es, fabrica\u00e7\u00e3o e montagem de estruturas de a\u00e7o para grandes projectos, pontes, passarelas, viadutos, constru\u00e7\u00e3o naval, etc &#8230;<\/p>\n<p>Resolver para nossos clientes, design de tarefas, c\u00e1lculo, fabrico e montagem em diferentes \u00e1reas da nossa especialidade.<\/p>\n<p>Em junho 2014 GRUPO DIZMAR aumentou\u00a0sua capacidade de produ\u00e7\u00e3o com a amplia\u00e7\u00e3o\u00a0das oficinas localizadas em O Carballino &#8211; Ourense, com 13.600m2 de oficinas, 11.600m2 sob gancho\u00a0e 25.000m2 de \u00e1rea de terreno\u00a0para\u00a0manobras e estoques.[\/vc_column_text][\/vc_column][\/vc_row][vc_row][vc_column][vc_separator][\/vc_column][\/vc_row][vc_row][vc_column width=&#8221;1\/2&#8243;][vc_column_text]<\/p>\n<h1 align=\"LEFT\">Pol\u00edtica da Empresa<\/h1>\n<p>A dire\u00e7\u00e3o da empresa tem como compromisso asumido, \u00a0obter o mais alto grau de satisfa\u00e7\u00e3o dos clientes.<\/p>\n<p>As decis\u00f5es t\u00eam um objetivo claro, o cumprimento dos compromissos.<\/p>\n<p>Toda a gest\u00e3o da empresa \u00e9 realizado em um ambiente de respeito \u00e0 lei, observando com aten\u00e7\u00e3o particular para a aplica\u00e7\u00e3o da preven\u00e7\u00e3o de seguran\u00e7a e de sa\u00fade no trabalho.<\/p>\n<p>Esta pol\u00edtica \u00e9 comunicada a todos os empregados, e est\u00e1 dispon\u00edvel a todos os interessados.<\/p>\n<p>Al\u00e9m disso, a pol\u00edtica \u00e9 revista anualmente, seguindo os procedimentos de melhoria cont\u00ednua, assim como\u00a0os objetivos\u00a0espec\u00edficas que poder\u00e3o surgir\u00a0deste mesmo.[\/vc_column_text][\/vc_column][vc_column width=&#8221;1\/2&#8243;][vc_single_image image=&#8221;4437&#8243;][\/vc_column][\/vc_row][vc_row][vc_column][vc_separator][\/vc_column][\/vc_row][vc_row][vc_column width=&#8221;1\/2&#8243;][vc_single_image image=&#8221;4441&#8243;][\/vc_column][vc_column width=&#8221;1\/2&#8243;][vc_column_text]<\/p>\n<h1 align=\"LEFT\">Qualidade<\/h1>\n<p align=\"LEFT\">TALLERES DIZMAR\u00a0tem um Sistema de Qualidade de acordo com a ISO 9001: 2008, segundo certificado concedido pela empresa CQD Italia srl<\/p>\n<p>\u2022 certifica\u00e7\u00e3o CE para o fabrico e montagem de estruturas de a\u00e7o de acordo com a norma EN 1090, em todas as classes de desempenho (EXC1, EXC2, EXC3, EXC4). UNE-EN 1090-1: 2011 + A1<\/p>\n<p>\u2022 Certifica\u00e7\u00e3o de soldadores<\/p>\n<p>\u2022 Em conformidade com as normas de seguran\u00e7a vigentes e est\u00e1 em processo de implementa\u00e7\u00e3o do sistema de gest\u00e3o de acordo com a OHSAS 18001: 2007<\/p>\n<p>\u2022 Em conformidade com as normas ambientais e est\u00e1 no processo de implementa\u00e7\u00e3o do sistema de gest\u00e3o ambiental de acordo com a ISO 14001: 2004<\/p>\n<p>\u2022 aplicar tratamentos anti-corros\u00e3o de acordo com a ISO 12844 fabricantes de tintas certificadas.[\/vc_column_text][\/vc_column][\/vc_row]<\/p>","protected":false},"excerpt":{"rendered":"<p>[vc_row][vc_column width=&#8221;1\/2&#8243;][vc_empty_space][vc_row_inner][vc_column_inner width=&#8221;1\/3&#8243;][\/vc_column_inner][vc_column_inner width=&#8221;1\/3&#8243;][\/vc_column_inner][vc_column_inner width=&#8221;1\/3&#8243;][\/vc_column_inner][\/vc_row_inner][\/vc_column][vc_column width=&#8221;1\/2&#8243;][vc_column_text] Talleres Dizmar, S.L. Talleres\u00a0Dizmar, S.L. nasceu em Porrino, Pontevedra e \u00e9 uma das empresas pertencentes ao GRUPO DIZMAR, fundado\u00a0em 1974 como uma loja de soldadura e caldeira. Com o nosso trabalho e desejo de melhorar, ano ap\u00f3s ano, temos<span class=\"hidden\"><a   rel=\"bookmark\" href=\"https:\/\/dizmar.grupodizmar.com\/pt\/somos\/\" title=\"Read Quem Somos\" class=\"btn btn-normal\">Read more<\/a><\/span><\/p>\n","protected":false},"author":1,"featured_media":0,"parent":0,"menu_order":0,"comment_status":"closed","ping_status":"closed","template":"","meta":{"footnotes":""},"class_list":["post-2295","page","type-page","status-publish","hentry"],"_links":{"self":[{"href":"https:\/\/dizmar.grupodizmar.com\/pt\/wp-json\/wp\/v2\/pages\/2295","targetHints":{"allow":["GET"]}}],"collection":[{"href":"https:\/\/dizmar.grupodizmar.com\/pt\/wp-json\/wp\/v2\/pages"}],"about":[{"href":"https:\/\/dizmar.grupodizmar.com\/pt\/wp-json\/wp\/v2\/types\/page"}],"author":[{"embeddable":true,"href":"https:\/\/dizmar.grupodizmar.com\/pt\/wp-json\/wp\/v2\/users\/1"}],"replies":[{"embeddable":true,"href":"https:\/\/dizmar.grupodizmar.com\/pt\/wp-json\/wp\/v2\/comments?post=2295"}],"version-history":[{"count":26,"href":"https:\/\/dizmar.grupodizmar.com\/pt\/wp-json\/wp\/v2\/pages\/2295\/revisions"}],"predecessor-version":[{"id":4616,"href":"https:\/\/dizmar.grupodizmar.com\/pt\/wp-json\/wp\/v2\/pages\/2295\/revisions\/4616"}],"wp:attachment":[{"href":"https:\/\/dizmar.grupodizmar.com\/pt\/wp-json\/wp\/v2\/media?parent=2295"}],"curies":[{"name":"wp","href":"https:\/\/api.w.org\/{rel}","templated":true}]}}