{"id":4212,"date":"2016-10-03T03:04:01","date_gmt":"2016-10-03T03:04:01","guid":{"rendered":"http:\/\/dizmar.grupodizmar.com\/?page_id=4212"},"modified":"2017-03-01T02:05:45","modified_gmt":"2017-03-01T02:05:45","slug":"feder","status":"publish","type":"page","link":"https:\/\/dizmar.grupodizmar.com\/fr\/feder\/","title":{"rendered":"FEDER"},"content":{"rendered":"<p>[vc_row][vc_column][vc_single_image image=\u00a0\u00bb4214&Prime; alignment=\u00a0\u00bbcenter\u00a0\u00bb]<div class=\"title custom-heading align-left\" >[vc_custom_heading text=\"\" font_container=\"text_align:left|tag:h2\" google_fonts=\"\" use_theme_fonts=\"yes\"]<hr>[vc_custom_heading text=\"\" font_container=\"text_align:left|tag:h2\" google_fonts=\"\" use_theme_fonts=\"yes\"]<\/div>[\/vc_column][\/vc_row][vc_row][vc_column][vc_column_text]Este a\u00f1o 2016 <strong>Talleres Dizmar S.L.<\/strong> ha resultado beneficiaria de una subvenci\u00f3n del INEGA con fondos de la Union Europea (<strong>FEDER<\/strong>) para la financiaci\u00f3n del proyecto:<\/p>\n<p>\u201c<em><strong>Aforro e eficiencia enerxetica nas empresas do sector industrial e servicios<\/strong><\/em>\u201d.<\/p>\n<p>y para ello esta ejecutando los trabajos de mejora de la eficiencia energetica de la instalacion de ilumacion existente en el centro de produccion, que lleva asociada una reduccion anual importante respecto al consumo inicial en iluminacion garantizando el confort luminico adecuado a las tareas a realizar.[\/vc_column_text][\/vc_column][\/vc_row]<\/p>","protected":false},"excerpt":{"rendered":"<p>[vc_row][vc_column][vc_single_image image=\u00a0\u00bb4214&Prime; alignment=\u00a0\u00bbcenter\u00a0\u00bb][\/vc_column][\/vc_row][vc_row][vc_column][vc_column_text]Este a\u00f1o 2016 Talleres Dizmar S.L. ha resultado beneficiaria de una subvenci\u00f3n del INEGA con fondos de la Union Europea (FEDER) para la financiaci\u00f3n del proyecto: \u201cAforro e eficiencia enerxetica nas empresas do sector industrial e servicios\u201d. y para ello esta ejecutando los<span class=\"hidden\"><a   rel=\"bookmark\" href=\"https:\/\/dizmar.grupodizmar.com\/fr\/feder\/\" title=\"Read FEDER\" class=\"btn btn-normal\">Read more<\/a><\/span><\/p>\n","protected":false},"author":1,"featured_media":0,"parent":0,"menu_order":0,"comment_status":"closed","ping_status":"closed","template":"","meta":{"footnotes":""},"class_list":["post-4212","page","type-page","status-publish","hentry"],"_links":{"self":[{"href":"https:\/\/dizmar.grupodizmar.com\/fr\/wp-json\/wp\/v2\/pages\/4212","targetHints":{"allow":["GET"]}}],"collection":[{"href":"https:\/\/dizmar.grupodizmar.com\/fr\/wp-json\/wp\/v2\/pages"}],"about":[{"href":"https:\/\/dizmar.grupodizmar.com\/fr\/wp-json\/wp\/v2\/types\/page"}],"author":[{"embeddable":true,"href":"https:\/\/dizmar.grupodizmar.com\/fr\/wp-json\/wp\/v2\/users\/1"}],"replies":[{"embeddable":true,"href":"https:\/\/dizmar.grupodizmar.com\/fr\/wp-json\/wp\/v2\/comments?post=4212"}],"version-history":[{"count":5,"href":"https:\/\/dizmar.grupodizmar.com\/fr\/wp-json\/wp\/v2\/pages\/4212\/revisions"}],"predecessor-version":[{"id":4582,"href":"https:\/\/dizmar.grupodizmar.com\/fr\/wp-json\/wp\/v2\/pages\/4212\/revisions\/4582"}],"wp:attachment":[{"href":"https:\/\/dizmar.grupodizmar.com\/fr\/wp-json\/wp\/v2\/media?parent=4212"}],"curies":[{"name":"wp","href":"https:\/\/api.w.org\/{rel}","templated":true}]}}