{"id":2685,"date":"2015-10-12T11:53:30","date_gmt":"2015-10-12T11:53:30","guid":{"rendered":"http:\/\/dev.crumina.net\/jolyness\/?page_id=2685"},"modified":"2023-04-27T09:28:48","modified_gmt":"2023-04-27T09:28:48","slug":"home-variation-2","status":"publish","type":"page","link":"https:\/\/dizmar.grupodizmar.com\/fr\/","title":{"rendered":"Accueil"},"content":{"rendered":"<p>[vc_row css=\u00a0\u00bb.vc_custom_1444651947448{margin-top: 0px !important;}\u00a0\u00bb][vc_column][rev_slider_vc alias=\u00a0\u00bbhomevariant1&Prime;]<div class=\"title custom-heading \" data-effect=\"fade\">[vc_custom_heading text=\"NOTRE ENGAGEMENT\" font_container=\"text_align:center|color:%23292723|tag:h1|font_size:30px\" google_fonts=\"\" use_theme_fonts=\"yes\"]<hr>[vc_custom_heading text=\"Dans GRUPO DIZMAR, nous sommes engag\u00e9s \u00e0 nos clients\" font_container=\"text_align:center|color:%23292723|tag:p\" google_fonts=\"\" use_theme_fonts=\"yes\"]<\/div>[\/vc_column][\/vc_row][vc_row][vc_column width=\u00a0\u00bb1\/3&Prime;]<div class=\"aio-icon-component   style_5\"><div class=\"aio-icon-box top-icon box-has-content \" style=\"\"  ><div class=\"aio-icon-top\">\n<span class=\"crum-icon  advanced  \" data-animation=\"\" data-animation-delay=\"0\"  >\n\t<i class=\"font-awesome-thumbs-o-up \" style=\"color:#21c2f8;border-style:solid;border-color:#a9a9a9;border-width:1px;width:80px;height:80px;line-height:80px;border-radius:500px;font-size:22px;\"><\/i>\n<\/span><\/div><div class=\"aio-icon-header\"><h3 class=\"aio-icon-title\">Qualit\u00e9<\/h3><\/div> <!-- header --><div class=\"aio-icon-description\"><\/p>\n<p style=\"text-align: left;\">Nous avons actuellement \u00a0le certificat de qualit\u00e9 ISO 9001 pour la construction de b\u00e2timents industriels et les fondations de machines de l&rsquo;industrie et de l&rsquo;acier marqu\u00e9 CE des structures de m\u00e9tal.<\/p>\n<p><\/div> <!-- description --><\/div> <!-- aio-icon-box --><\/div> <!-- aio-icon-component -->[\/vc_column][vc_column width=\u00a0\u00bb1\/3&Prime;]<div class=\"aio-icon-component   style_5\"><div class=\"aio-icon-box top-icon box-has-content \" style=\"\"  ><div class=\"aio-icon-top\">\n<span class=\"crum-icon  advanced  \" data-animation=\"\" data-animation-delay=\"0\"  >\n\t<i class=\"icomoon-clock \" style=\"color:#21c2f8;border-style:solid;border-color:#a9a9a9;border-width:1px;width:80px;height:80px;line-height:80px;border-radius:500px;font-size:22px;\"><\/i>\n<\/span><\/div><div class=\"aio-icon-header\"><h3 class=\"aio-icon-title\">Rapidit\u00e9<\/h3><\/div> <!-- header --><div class=\"aio-icon-description\"><\/p>\n<p style=\"text-align: left;\">Nous r\u00e9ponses rapidit\u00e9, en essayant de raccourcir lle temps de la fabrication et ex\u00e9cution, \u00a0maintenir des normes de qualit\u00e9 que nos clients exigent.<\/p>\n<p><\/div> <!-- description --><\/div> <!-- aio-icon-box --><\/div> <!-- aio-icon-component -->[\/vc_column][vc_column width=\u00a0\u00bb1\/3&Prime;]<div class=\"aio-icon-component   style_5\"><div class=\"aio-icon-box top-icon box-has-content \" style=\"\"  ><div class=\"aio-icon-top\">\n<span class=\"crum-icon  advanced  \" data-animation=\"\" data-animation-delay=\"0\"  >\n\t<i class=\"font-awesome-check-square-o \" style=\"color:#21c2f8;border-style:solid;border-color:#a9a9a9;border-width:1px;width:80px;height:80px;line-height:80px;border-radius:500px;font-size:22px;\"><\/i>\n<\/span><\/div><div class=\"aio-icon-header\"><h3 class=\"aio-icon-title\">Engagement<\/h3><\/div> <!-- header --><div class=\"aio-icon-description\"><\/p>\n<p style=\"text-align: left;\">L&rsquo;effort pour satisfaire le client est au centre de tout ce que nous faisons. L&rsquo;avenir de GRUPO DIZMAR es d\u00e9termin\u00e9 par la qualit\u00e9 de notre r\u00e9ponse aux besoins des clients.<\/p>\n<p><\/div> <!-- description --><\/div> <!-- aio-icon-box --><\/div> <!-- aio-icon-component -->[\/vc_column][\/vc_row][vc_row full_width=\u00a0\u00bbstretch_row_content\u00a0\u00bb css=\u00a0\u00bb.vc_custom_1444991848085{border-top-width: 1px !important;padding-top: 60px !important;padding-bottom: 0px !important;background-color: #f6f6f6 !important;border-top-color: #eeeeee !important;border-top-style: solid !important;}\u00a0\u00bb][vc_column]<div class=\"title custom-heading \" data-effect=\"fade\">[vc_custom_heading text=\"NOS PROJETS\" font_container=\"text_align:center|color:%23292723|tag:h1|font_size:30px\" google_fonts=\"\" use_theme_fonts=\"yes\"]<hr>[vc_custom_heading text=\"Un \u00e9chantillon de certains de nos projets\" font_container=\"text_align:center|color:%23292723|tag:p\" google_fonts=\"\" use_theme_fonts=\"yes\"]<\/div>[vc_basic_grid post_type=\u00a0\u00bbpost\u00a0\u00bb max_items=\u00a0\u00bb3&Prime; gap=\u00a0\u00bb35&Prime; orderby=\u00a0\u00bbmodified\u00a0\u00bb item=\u00a0\u00bbmasonryGrid_FadeIn\u00a0\u00bb grid_id=\u00a0\u00bbvc_gid:1484648580345-d338730f-1ecb-1&Prime; css=\u00a0\u00bb.vc_custom_1478029814204{padding-top: 20px !important;}\u00a0\u00bb][\/vc_column][\/vc_row][vc_row full_width=\u00a0\u00bbstretch_row\u00a0\u00bb parallax=\u00a0\u00bbcontent-moving\u00a0\u00bb enable_overlay=\u00a0\u00bb1&Prime; css=\u00a0\u00bb.vc_custom_1484648616061{padding-top: 60px !important;padding-bottom: 80px !important;background-image: url(http:\/\/dizmar.grupodizmar.com\/wp-content\/uploads\/2017\/01\/slider_1.jpg?id=4502) !important;}\u00a0\u00bb overlay_image=\u00a0\u00bb2448&Prime;][vc_column]<div id=\"pie-chart_pie_chart_id_57f18e6285d06\" class=\"pie-chart\"><span class=\"pie-chart-value-general pie-chart-value_pie_chart_id_57f18e6285d06\"><\/span><\/div><span class=\"vc-pie-chart-title\"><h3>INGENIER\u00cdA y C\u00c1LCULO<\/h3><\/span>\r\n\t\t\t<script>\r\n\r\n\t\t\t\tjQuery(function () {\r\n\t\t\t\t\tjQuery(\"#pie-chart_pie_chart_id_57f18e6285d06\").circleProgress({\r\n\t\t\t\t\t\tvalue: 0.97,\r\n\t\t\t\t\t\tsize: 200,\r\n\t\t\t\t\t\tstartAngle: -Math.PI \/ 4 * 2,\r\n\t\t\t\t\t\tthickness: '3',\r\n\t\t\t\t\t\tfill: {\r\n\t\t\t\t\t\t\t\t\t\t\t\t\t\t\tcolor: \"#21c2f8\",\r\n\t\t\t\t\t\t\t\t\t\t\t\t\t},\r\n\t\t\t\t\t\temptyFill: '#ffffff'\r\n\t\t\t\t\t})\r\n\t\t\t\t\t\t.on('circle-animation-progress', function(event, progress) {\r\n\t\t\t\t\t\tjQuery(this).find('.pie-chart-value_pie_chart_id_57f18e6285d06').html(parseInt(97 * progress) + '<span>%<\/span>');\r\n\t\t\t\t\t\t})\r\n\t\t\t\t\t;\r\n\t\t\t\t})\r\n\r\n\t\t\t<\/script>\r\n\r\n\t\t\t<div class=\"title custom-heading \" data-effect=\"fade\">[vc_custom_heading text=\"NOS SERVICES\" font_container=\"text_align:center|color:%23ffffff|tag:h1|font_size:30px\" google_fonts=\"\" use_theme_fonts=\"yes\"]<hr>[vc_custom_heading text=\"Nous sommes sp\u00e9cialis\u00e9s et form\u00e9s pour r\u00e9soudre toutes sortes de projets de construction\" font_container=\"text_align:center|color:%23ffffff|tag:p\" google_fonts=\"\" use_theme_fonts=\"yes\"]<\/div>[vc_empty_space height=\u00a0\u00bb70&Prime;][vc_row_inner][vc_column_inner width=\u00a0\u00bb1\/4&Prime;]<div id=\"pie-chart_pie_chart_id_581311bf82795\" class=\"pie-chart\"><span class=\"pie-chart-value-general pie-chart-value_pie_chart_id_581311bf82795\"><\/span><\/div><span class=\"vc-pie-chart-title\"><h3>ENGINEERING ET CALCUL<\/h3><\/span>\r\n\t\t\t<script>\r\n\r\n\t\t\t\tjQuery(function () {\r\n\t\t\t\t\tjQuery(\"#pie-chart_pie_chart_id_581311bf82795\").circleProgress({\r\n\t\t\t\t\t\tvalue: 0.97,\r\n\t\t\t\t\t\tsize: 200,\r\n\t\t\t\t\t\tstartAngle: -Math.PI \/ 4 * 2,\r\n\t\t\t\t\t\tthickness: '3',\r\n\t\t\t\t\t\tfill: {\r\n\t\t\t\t\t\t\t\t\t\t\t\t\t\t\tcolor: \"#000000\",\r\n\t\t\t\t\t\t\t\t\t\t\t\t\t},\r\n\t\t\t\t\t\temptyFill: '#ffffff'\r\n\t\t\t\t\t})\r\n\t\t\t\t\t\t.on('circle-animation-progress', function(event, progress) {\r\n\t\t\t\t\t\tjQuery(this).find('.pie-chart-value_pie_chart_id_581311bf82795').html(parseInt(97 * progress) + '<span>%<\/span>');\r\n\t\t\t\t\t\t})\r\n\t\t\t\t\t;\r\n\t\t\t\t})\r\n\r\n\t\t\t<\/script>\r\n\r\n\t\t\t[\/vc_column_inner][vc_column_inner width=\u00a0\u00bb1\/4&Prime;]<div id=\"pie-chart_pie_chart_id_581312e82c8ca\" class=\"pie-chart\"><span class=\"pie-chart-value-general pie-chart-value_pie_chart_id_581312e82c8ca\"><\/span><\/div><span class=\"vc-pie-chart-title\"><h3>Fabrication<\/h3><\/span>\r\n\t\t\t<script>\r\n\r\n\t\t\t\tjQuery(function () {\r\n\t\t\t\t\tjQuery(\"#pie-chart_pie_chart_id_581312e82c8ca\").circleProgress({\r\n\t\t\t\t\t\tvalue: 0.95,\r\n\t\t\t\t\t\tsize: 200,\r\n\t\t\t\t\t\tstartAngle: -Math.PI \/ 4 * 2,\r\n\t\t\t\t\t\tthickness: '3',\r\n\t\t\t\t\t\tfill: {\r\n\t\t\t\t\t\t\t\t\t\t\t\t\t\t\tcolor: \"#21c2f8\",\r\n\t\t\t\t\t\t\t\t\t\t\t\t\t},\r\n\t\t\t\t\t\temptyFill: '#ffffff'\r\n\t\t\t\t\t})\r\n\t\t\t\t\t\t.on('circle-animation-progress', function(event, progress) {\r\n\t\t\t\t\t\tjQuery(this).find('.pie-chart-value_pie_chart_id_581312e82c8ca').html(parseInt(95 * progress) + '<span>%<\/span>');\r\n\t\t\t\t\t\t})\r\n\t\t\t\t\t;\r\n\t\t\t\t})\r\n\r\n\t\t\t<\/script>\r\n\r\n\t\t\t[\/vc_column_inner][vc_column_inner width=\u00a0\u00bb1\/4&Prime;]<div id=\"pie-chart_pie_chart_id_5813130a97e4d\" class=\"pie-chart\"><span class=\"pie-chart-value-general pie-chart-value_pie_chart_id_5813130a97e4d\"><\/span><\/div><span class=\"vc-pie-chart-title\"><h3>MONTAGE<\/h3><\/span>\r\n\t\t\t<script>\r\n\r\n\t\t\t\tjQuery(function () {\r\n\t\t\t\t\tjQuery(\"#pie-chart_pie_chart_id_5813130a97e4d\").circleProgress({\r\n\t\t\t\t\t\tvalue: 0.88,\r\n\t\t\t\t\t\tsize: 200,\r\n\t\t\t\t\t\tstartAngle: -Math.PI \/ 4 * 2,\r\n\t\t\t\t\t\tthickness: '3',\r\n\t\t\t\t\t\tfill: {\r\n\t\t\t\t\t\t\t\t\t\t\t\t\t\t\tcolor: \"#21c2f8\",\r\n\t\t\t\t\t\t\t\t\t\t\t\t\t},\r\n\t\t\t\t\t\temptyFill: '#ffffff'\r\n\t\t\t\t\t})\r\n\t\t\t\t\t\t.on('circle-animation-progress', function(event, progress) {\r\n\t\t\t\t\t\tjQuery(this).find('.pie-chart-value_pie_chart_id_5813130a97e4d').html(parseInt(88 * progress) + '<span>%<\/span>');\r\n\t\t\t\t\t\t})\r\n\t\t\t\t\t;\r\n\t\t\t\t})\r\n\r\n\t\t\t<\/script>\r\n\r\n\t\t\t[\/vc_column_inner][vc_column_inner width=\u00a0\u00bb1\/4&Prime;]<div id=\"pie-chart_pie_chart_id_5813131ec47d1\" class=\"pie-chart\"><span class=\"pie-chart-value-general pie-chart-value_pie_chart_id_5813131ec47d1\"><\/span><\/div><span class=\"vc-pie-chart-title\"><h3>CONSTRUCTION<\/h3><\/span>\r\n\t\t\t<script>\r\n\r\n\t\t\t\tjQuery(function () {\r\n\t\t\t\t\tjQuery(\"#pie-chart_pie_chart_id_5813131ec47d1\").circleProgress({\r\n\t\t\t\t\t\tvalue: 0.90,\r\n\t\t\t\t\t\tsize: 200,\r\n\t\t\t\t\t\tstartAngle: -Math.PI \/ 4 * 2,\r\n\t\t\t\t\t\tthickness: '3',\r\n\t\t\t\t\t\tfill: {\r\n\t\t\t\t\t\t\t\t\t\t\t\t\t\t\tcolor: \"#21c2f8\",\r\n\t\t\t\t\t\t\t\t\t\t\t\t\t},\r\n\t\t\t\t\t\temptyFill: '#ffffff'\r\n\t\t\t\t\t})\r\n\t\t\t\t\t\t.on('circle-animation-progress', function(event, progress) {\r\n\t\t\t\t\t\tjQuery(this).find('.pie-chart-value_pie_chart_id_5813131ec47d1').html(parseInt(90 * progress) + '<span>%<\/span>');\r\n\t\t\t\t\t\t})\r\n\t\t\t\t\t;\r\n\t\t\t\t})\r\n\r\n\t\t\t<\/script>\r\n\r\n\t\t\t[\/vc_column_inner][\/vc_row_inner][\/vc_column][\/vc_row]<\/p>","protected":false},"excerpt":{"rendered":"<p>[vc_row css=\u00a0\u00bb.vc_custom_1444651947448{margin-top: 0px !important;}\u00a0\u00bb][vc_column][rev_slider_vc alias=\u00a0\u00bbhomevariant1&Prime;][\/vc_column][\/vc_row][vc_row][vc_column width=\u00a0\u00bb1\/3&Prime;][\/vc_column][vc_column width=\u00a0\u00bb1\/3&Prime;][\/vc_column][vc_column width=\u00a0\u00bb1\/3&Prime;][\/vc_column][\/vc_row][vc_row full_width=\u00a0\u00bbstretch_row_content\u00a0\u00bb css=\u00a0\u00bb.vc_custom_1444991848085{border-top-width: 1px !important;padding-top: 60px !important;padding-bottom: 0px !important;background-color: #f6f6f6 !important;border-top-color: #eeeeee !important;border-top-style: solid !important;}\u00a0\u00bb][vc_column][vc_basic_grid post_type=\u00a0\u00bbpost\u00a0\u00bb max_items=\u00a0\u00bb3&Prime; gap=\u00a0\u00bb35&Prime; orderby=\u00a0\u00bbmodified\u00a0\u00bb item=\u00a0\u00bbmasonryGrid_FadeIn\u00a0\u00bb grid_id=\u00a0\u00bbvc_gid:1484648580345-d338730f-1ecb-1&Prime; css=\u00a0\u00bb.vc_custom_1478029814204{padding-top: 20px !important;}\u00a0\u00bb][\/vc_column][\/vc_row][vc_row full_width=\u00a0\u00bbstretch_row\u00a0\u00bb parallax=\u00a0\u00bbcontent-moving\u00a0\u00bb enable_overlay=\u00a0\u00bb1&Prime; css=\u00a0\u00bb.vc_custom_1484648616061{padding-top: 60px !important;padding-bottom: 80px !important;background-image: url(http:\/\/dizmar.grupodizmar.com\/wp-content\/uploads\/2017\/01\/slider_1.jpg?id=4502) !important;}\u00a0\u00bb overlay_image=\u00a0\u00bb2448&Prime;][vc_column][vc_empty_space height=\u00a0\u00bb70&Prime;][vc_row_inner][vc_column_inner width=\u00a0\u00bb1\/4&Prime;][\/vc_column_inner][vc_column_inner width=\u00a0\u00bb1\/4&Prime;][\/vc_column_inner][vc_column_inner<span class=\"hidden\"><a   rel=\"bookmark\" href=\"https:\/\/dizmar.grupodizmar.com\/fr\/\" title=\"Read Accueil\" class=\"btn btn-normal\">Read more<\/a><\/span><\/p>\n","protected":false},"author":1,"featured_media":0,"parent":0,"menu_order":0,"comment_status":"closed","ping_status":"closed","template":"","meta":{"footnotes":""},"class_list":["post-2685","page","type-page","status-publish","hentry"],"_links":{"self":[{"href":"https:\/\/dizmar.grupodizmar.com\/fr\/wp-json\/wp\/v2\/pages\/2685","targetHints":{"allow":["GET"]}}],"collection":[{"href":"https:\/\/dizmar.grupodizmar.com\/fr\/wp-json\/wp\/v2\/pages"}],"about":[{"href":"https:\/\/dizmar.grupodizmar.com\/fr\/wp-json\/wp\/v2\/types\/page"}],"author":[{"embeddable":true,"href":"https:\/\/dizmar.grupodizmar.com\/fr\/wp-json\/wp\/v2\/users\/1"}],"replies":[{"embeddable":true,"href":"https:\/\/dizmar.grupodizmar.com\/fr\/wp-json\/wp\/v2\/comments?post=2685"}],"version-history":[{"count":38,"href":"https:\/\/dizmar.grupodizmar.com\/fr\/wp-json\/wp\/v2\/pages\/2685\/revisions"}],"predecessor-version":[{"id":4879,"href":"https:\/\/dizmar.grupodizmar.com\/fr\/wp-json\/wp\/v2\/pages\/2685\/revisions\/4879"}],"wp:attachment":[{"href":"https:\/\/dizmar.grupodizmar.com\/fr\/wp-json\/wp\/v2\/media?parent=2685"}],"curies":[{"name":"wp","href":"https:\/\/api.w.org\/{rel}","templated":true}]}}