												{"id":2423,"date":"2015-10-10T08:54:48","date_gmt":"2015-10-10T08:54:48","guid":{"rendered":"http:\/\/dev.crumina.net\/jolyness\/?page_id=2423"},"modified":"2020-03-05T13:10:41","modified_gmt":"2020-03-05T13:10:41","slug":"contact-variation-2","status":"publish","type":"page","link":"https:\/\/dizmar.grupodizmar.com\/fr\/contact-variation-2\/","title":{"rendered":"Contactez-nous"},"content":{"rendered":"<p>[vc_row][vc_column][vc_empty_space height=\u00a0\u00bb40px\u00a0\u00bb][\/vc_column][\/vc_row][vc_row][vc_column width=\u00a0\u00bb1\/3&Prime;]<div class=\"aio-icon-component   style_1\"><div class=\"aio-icon-box top-icon box-has-content \" style=\"\"  data-effect=\"helix\"><div class=\"aio-icon-top\">\n<span class=\"crum-icon  hexagonal  \" data-animation=\"\" data-animation-delay=\"0\"  style=color:#21c2f8>\n\t<i class=\"font-awesome-map-marker \" style=\"color:#ffffff;background:#21c2f8;font-size:28px;border-style:solid;border-color:#333333;border-width:1px;\"><\/i>\n<\/span><\/div><div class=\"aio-icon-header\"><h3 class=\"aio-icon-title\">Adresse<\/h3><\/div> <!-- header --><div class=\"aio-icon-description\"><\/p>\n<p style=\"text-align: center;\">Ctra. de Salceda Km. 1<br \/>\n36418 Atios \u2013 Porri\u00f1o<br \/>\nPontevedra \u2013 Espa\u00f1a<\/p>\n<p><\/div> <!-- description --><\/div> <!-- aio-icon-box --><\/div> <!-- aio-icon-component -->[\/vc_column][vc_column width=\u00a0\u00bb1\/3&Prime;]<div class=\"aio-icon-component   style_1\"><div class=\"aio-icon-box top-icon box-has-content \" style=\"\"  data-effect=\"helix\"><div class=\"aio-icon-top\">\n<span class=\"crum-icon  hexagonal  \" data-animation=\"\" data-animation-delay=\"0\"  style=color:#21c2f8>\n\t<i class=\"font-awesome-mobile \" style=\"color:#ffffff;background:#21c2f8;font-size:28px;border-style:solid;border-color:#333333;border-width:1px;\"><\/i>\n<\/span><\/div><div class=\"aio-icon-header\"><h3 class=\"aio-icon-title\">Contact<\/h3><\/div> <!-- header --><div class=\"aio-icon-description\"><\/p>\n<p style=\"text-align: center;\"><span style=\"color: #000000;\">T\u00e9l\u00e9phone:\u00a0<\/span>(+34) 986 331 870<br \/>\n<span style=\"color: #000000;\">Fax:\u00a0<\/span>(+34) 986 338 746<\/p>\n<p><\/div> <!-- description --><\/div> <!-- aio-icon-box --><\/div> <!-- aio-icon-component -->[\/vc_column][vc_column width=\u00a0\u00bb1\/3&Prime;]<div class=\"aio-icon-component   style_1\"><div class=\"aio-icon-box top-icon box-has-content \" style=\"\"  data-effect=\"helix\"><div class=\"aio-icon-top\">\n<span class=\"crum-icon  hexagonal  \" data-animation=\"\" data-animation-delay=\"0\"  style=color:#21c2f8>\n\t<i class=\"font-awesome-headphones \" style=\"color:#ffffff;background:#21c2f8;font-size:28px;border-style:solid;border-color:#333333;border-width:1px;\"><\/i>\n<\/span><\/div><div class=\"aio-icon-header\"><h3 class=\"aio-icon-title\">Email<\/h3><\/div> <!-- header --><div class=\"aio-icon-description\"><\/p>\n<p style=\"text-align: center;\">grupodizmar@grupodizmar.com<\/p>\n<p><\/div> <!-- description --><\/div> <!-- aio-icon-box --><\/div> <!-- aio-icon-component -->[\/vc_column][\/vc_row][vc_row][vc_column]<div class=\"title custom-heading \" data-effect=\"fade\">[vc_custom_heading text=\"CONTACTEZ-NOUS\" font_container=\"text_align:center|color:%23020202|tag:h1|font_size:30px\" google_fonts=\"\" use_theme_fonts=\"yes\"]<hr>[vc_custom_heading text=\"Notre \u00e9quipe est toujours pr\u00eat \u00e0 r\u00e9pondre \u00e0 vos questions et propositions concernant les services\" font_container=\"text_align:center|color:%23020202|tag:p\" google_fonts=\"\" use_theme_fonts=\"yes\"]<\/div>[\/vc_column][\/vc_row][vc_row][vc_column]\t\t\t\t<div class=\"portfoliopadding clearfix\">\r\n\r\n\t\t\t\t\t<form action=\"\/fr\/wp-json\/wp\/v2\/pages\/2423\"\r\n\t\t\t\t\t      name=\"contactForm_id_5834531531463\"\r\n\t\t\t\t\t      id=\"contactForm_id_5834531531463\"\r\n\t\t\t\t\t      method=\"post\"\r\n\t\t\t\t\t      class=\"comment-form contact-form row\"\r\n\t\t\t\t\t      role=\"form\"\r\n\t\t\t\t\t\tdata-effect=\"slide-bottom\">\r\n\r\n\t\t\t\t\t\t\r\n\t\t\t\t\t\t\t\t\t\t\t\t<div class=\"col-lg-4 col-md-4 col-sm-12 col-xs-12\">\r\n\t\t\t\t\t\t\r\n\t\t\t\t\t\t\t\t\t\t\t\t\t\t<input id=\"contactName_id_5834531531463\"\r\n\t\t\t\t\t\t\t       name=\"contactName_id_5834531531463\"\r\n\t\t\t\t\t\t\t       type=\"text\"\r\n\t\t\t\t\t\t\t       class=\"validate required form-control\"\r\n\t\t\t\t\t\t\t\t\t\t\t\t\t\t\t\t\tplaceholder=\"Name\"\r\n\t\t\t\t\t\t\t\t\t\t\t\t\t\t\t       value=\"\" \/>\r\n\t\t\t\t\t\t\t\r\n\t\t\t\t\t\t\t\r\n\t\t\t\t\t\t<\/div>\r\n\r\n\t\t\t\t\t\t<!--name-->\r\n\r\n\t\t\t\t\t\t\r\n\t\t\t\t\t\t\t\t\t\t\t\t<div class=\"col-lg-4 col-md-4 col-sm-12 col-xs-12\">\r\n\t\t\t\t\t\t\r\n\t\t\t\t\t\t\t\r\n\t\t\t\t\t\t\t<input id=\"email_id_5834531531463\"\r\n\t\t\t\t\t\t\t       name=\"email_id_5834531531463\"\r\n\t\t\t\t\t\t\t       type=\"email\"\r\n\t\t\t\t\t\t\t       class=\"validate required email form-control\"\r\n\t\t\t\t\t\t\t\t\t\t\t\t\t\t\t\t\tplaceholder=\"Email Address\"\r\n\t\t\t\t\t\t\t\t\t\t\t\t\t\t\t       value=\"\" \/>\r\n\r\n\t\t\t\t\t\t\t\r\n\t\t\t\t\t\t\t\r\n\t\t\t\t\t\t<\/div>\r\n\t\t\t\t\t\t<!--email-->\r\n\r\n\r\n\r\n\t\t\t\t\t\t\r\n\t\t\t\t\t\t\t\t\t\t\t\t<div class=\"col-lg-4 col-md-4 col-sm-12 col-xs-12\">\r\n\t\t\t\t\t\t\r\n\t\t\t\t\t\t\t\r\n\t\t\t\t\t\t\t<input id=\"contactSubject_id_5834531531463\"\r\n\t\t\t\t\t\t\t       name=\"contactSubject_id_5834531531463\"\r\n\t\t\t\t\t\t\t       type=\"text\"\r\n\t\t\t\t\t\t\t       rows=\"4\"\r\n\t\t\t\t\t\t\t       class=\"validate form-control\"\r\n\t\t\t\t\t\t\t\t\t\t\t\t\t\t\t\t\tplaceholder=\"Subject\"\r\n\t\t\t\t\t\t\t\t\t\t\t\t\t\t\t       value=\"\" \/>\r\n\r\n\t\t\t\t\t\t<\/div>\r\n\r\n\t\t\t\t\t\t\r\n\t\t\t\t\t\t<!--subject-->\r\n\t\t\t\t\t\t\t\t\t\t\t\t\r\n\t\t\t\t\t\t<div class=\"clearfix\"><\/div>\r\n\t\t\t\t\t\t<div class=\"col-lg-12 col-md-12 col-sm-12 col-xs-12\">\r\n\r\n\t\t\t\t\t\t\t\r\n\t\t\t\t\t\t\t<textarea id=\"comments_id_5834531531463\"\r\n\t\t\t\t\t\t\t          name=\"comments_id_5834531531463\"\r\n\t\t\t\t\t\t\t\t\t\t\t\t\t\t\t\t\tplaceholder=\"Message\"\r\n\t\t\t\t\t\t\t\t\t\t\t\t\t\t\t\t\t\t\t\t\t\t\t          rows=\"12\"\r\n\t\t\t\t\t\t\t\t\t\t\t\t\t\t\t          class=\"form-control required \"><\/textarea>\r\n\r\n\t\t\t\t\t\t\t\r\n\t\t\t\t\t\t<\/div>\r\n\r\n\t\t\t\t\t\t\r\n\t\t\t\t\t\t<!--message-->\r\n\r\n\t\t\t\t\t\t<!--row-->\r\n\r\n\t\t\t\t\t\t<div class=\"col-md-12 text-center\">\r\n\t\t\t\t\t\t\t\t\t\t\t\t\t\t\t\t<button class=\"btn btn-primary text-center\" type=\"submit\" name=\"action\">\r\n\t\t\t\t\t\t\t\t\t\tSubmit\t\t\t\t\t\t\t\t\t<\/button>\r\n\t\t\t\t\t\t\t\t\t\t\t\t\t\t\t<\/div>\r\n\t\t\t\t\t\t<!--align-->\r\n\r\n\t\t\t\t\t\t<!--row-->\r\n\t\t\t\t\t\t<input type=\"hidden\" name=\"submittedid_5834531531463\" id=\"submitted\"\r\n\t\t\t\t\t\t       value=\"true\" \/>\r\n\r\n\t\t\t\t\t<\/form>\r\n\r\n\t\t\t\t<\/div><!--.blog-wrapper-->\r\n\t\t\t\t[\/vc_column][\/vc_row][vc_row full_width=\u00a0\u00bbstretch_row_content_no_spaces\u00a0\u00bb css=\u00a0\u00bb.vc_custom_1475451760525{margin-top: 0px !important;}\u00a0\u00bb][vc_column]<iframe loading=\"lazy\" src=\"https:\/\/www.google.com\/maps\/embed?pb=!1m18!1m12!1m3!1d1479.529620385006!2d-8.618057023965402!3d42.12761499477528!2m3!1f0!2f0!3f0!3m2!1i1024!2i768!4f13.1!3m3!1m2!1s0x0%3A0x41d94b5a865ec2f8!2sTalleres+Dizmar!5e0!3m2!1ses!2ses!4v1475451559030\" width=\"100%\" height=\"450\" frameborder=\"0\" style=\"border:0\" allowfullscreen><\/iframe>[\/vc_column][\/vc_row]<\/p>","protected":false},"excerpt":{"rendered":"<p>[vc_row][vc_column][vc_empty_space height=\u00a0\u00bb40px\u00a0\u00bb][\/vc_column][\/vc_row][vc_row][vc_column width=\u00a0\u00bb1\/3&Prime;][\/vc_column][vc_column width=\u00a0\u00bb1\/3&Prime;][\/vc_column][vc_column width=\u00a0\u00bb1\/3&Prime;][\/vc_column][\/vc_row][vc_row][vc_column][\/vc_column][\/vc_row][vc_row][vc_column][\/vc_column][\/vc_row][vc_row full_width=\u00a0\u00bbstretch_row_content_no_spaces\u00a0\u00bb css=\u00a0\u00bb.vc_custom_1475451760525{margin-top: 0px !important;}\u00a0\u00bb][vc_column][\/vc_column][\/vc_row]<\/p>\n","protected":false},"author":1,"featured_media":0,"parent":0,"menu_order":0,"comment_status":"closed","ping_status":"closed","template":"","meta":{"footnotes":""},"class_list":["post-2423","page","type-page","status-publish","hentry"],"_links":{"self":[{"href":"https:\/\/dizmar.grupodizmar.com\/fr\/wp-json\/wp\/v2\/pages\/2423","targetHints":{"allow":["GET"]}}],"collection":[{"href":"https:\/\/dizmar.grupodizmar.com\/fr\/wp-json\/wp\/v2\/pages"}],"about":[{"href":"https:\/\/dizmar.grupodizmar.com\/fr\/wp-json\/wp\/v2\/types\/page"}],"author":[{"embeddable":true,"href":"https:\/\/dizmar.grupodizmar.com\/fr\/wp-json\/wp\/v2\/users\/1"}],"replies":[{"embeddable":true,"href":"https:\/\/dizmar.grupodizmar.com\/fr\/wp-json\/wp\/v2\/comments?post=2423"}],"version-history":[{"count":64,"href":"https:\/\/dizmar.grupodizmar.com\/fr\/wp-json\/wp\/v2\/pages\/2423\/revisions"}],"predecessor-version":[{"id":4865,"href":"https:\/\/dizmar.grupodizmar.com\/fr\/wp-json\/wp\/v2\/pages\/2423\/revisions\/4865"}],"wp:attachment":[{"href":"https:\/\/dizmar.grupodizmar.com\/fr\/wp-json\/wp\/v2\/media?parent=2423"}],"curies":[{"name":"wp","href":"https:\/\/api.w.org\/{rel}","templated":true}]}}