
			
			
			
			{"id":2295,"date":"2015-10-09T10:32:58","date_gmt":"2015-10-09T10:32:58","guid":{"rendered":"http:\/\/dev.crumina.net\/jolyness\/?page_id=2295"},"modified":"2017-05-15T10:55:25","modified_gmt":"2017-05-15T10:55:25","slug":"somos","status":"publish","type":"page","link":"https:\/\/dizmar.grupodizmar.com\/fr\/somos\/","title":{"rendered":"Pr\u00e9sentation"},"content":{"rendered":"<p>[vc_row][vc_column width=\u00a0\u00bb1\/2&Prime;][vc_empty_space]<div class=\"crum-vc-slider module-wrapper team-members-slider\"\r\n\t\t\t\t\t\t\t\tdata-loop=\"true\"\r\n\t\t\t\t\t\t\t\tdata-items=\"1\"\r\n\t\t\t\t\t\t\t\tdata-nav=\"true\"\r\n\t\t\t\t\t\t\t\tdata-dots=\"false\"\r\n\t\t\t\t\t\t\t\tdata-autoplay=\"true\"\r\n\t\t\t\t\t\t\t\tdata-autoplayTimeout=\"3000\"\r\n\t\t\t\t\t\t\t\tdata-controls-style=\"false\"\r\n\t\t\t\t\t\t\t\t><div class=\"image-center\" ><a class=\"zoom-link\" href=\"https:\/\/dizmar.grupodizmar.com\/wp-content\/uploads\/2015\/10\/empresa.jpg\"><img decoding=\"async\" class=\"\"img-responsive\" src=\"https:\/\/dizmar.grupodizmar.com\/wp-content\/uploads\/2015\/10\/empresa-598x396_c.jpg\"\/><\/a><\/div><div class=\"image-center\" ><a class=\"zoom-link\" href=\"https:\/\/dizmar.grupodizmar.com\/wp-content\/uploads\/2015\/10\/empresa_3.jpg\"><img decoding=\"async\" class=\"\"img-responsive\" src=\"https:\/\/dizmar.grupodizmar.com\/wp-content\/uploads\/2015\/10\/empresa_3-598x396_c.jpg\"\/><\/a><\/div><div class=\"image-center\" ><a class=\"zoom-link\" href=\"https:\/\/dizmar.grupodizmar.com\/wp-content\/uploads\/2015\/10\/empresa_2.jpg\"><img decoding=\"async\" class=\"\"img-responsive\" src=\"https:\/\/dizmar.grupodizmar.com\/wp-content\/uploads\/2015\/10\/empresa_2-598x396_c.jpg\"\/><\/a><\/div><\/div><!--slides-->[vc_row_inner][vc_column_inner width=\u00a0\u00bb1\/3&Prime;]<div class=\"aio-icon-component   style_4\"><div class=\"aio-icon-box top-icon  \" style=\"\"  data-effect=\"slide-bottom\"><div class=\"aio-icon-top\">\n<span class=\"crum-icon  circle  \" data-animation=\"\" data-animation-delay=\"0\"  >\n\t<i class=\"font-awesome-thumbs-o-up hovicon effect-1 sub-a\" style=\"color:#ffffff;background:#21c2f8;width:70px;height:70px;line-height:70px;font-size:24px;\"><span class=\"circle-effect\" style=\"border-color:#21c2f8\"><\/span><\/i>\n<\/span><\/div><div class=\"aio-icon-header\"><h3 class=\"aio-icon-title\">Qualit\u00e9<\/h3><\/div> <!-- header --><\/div> <!-- aio-icon-box --><\/div> <!-- aio-icon-component -->[\/vc_column_inner][vc_column_inner width=\u00a0\u00bb1\/3&Prime;]<div class=\"aio-icon-component   style_4\"><div class=\"aio-icon-box top-icon  \" style=\"\"  data-effect=\"slide-bottom\"><div class=\"aio-icon-top\">\n<span class=\"crum-icon  circle  \" data-animation=\"\" data-animation-delay=\"0\"  >\n\t<i class=\"icomoon-clock hovicon effect-1 sub-a\" style=\"color:#ffffff;background:#21c2f8;width:70px;height:70px;line-height:70px;font-size:24px;\"><span class=\"circle-effect\" style=\"border-color:#21c2f8\"><\/span><\/i>\n<\/span><\/div><div class=\"aio-icon-header\"><h3 class=\"aio-icon-title\">Rapidit\u00e9<\/h3><\/div> <!-- header --><\/div> <!-- aio-icon-box --><\/div> <!-- aio-icon-component -->[\/vc_column_inner][vc_column_inner width=\u00a0\u00bb1\/3&Prime;]<div class=\"aio-icon-component   style_4\"><div class=\"aio-icon-box top-icon  \" style=\"\"  data-effect=\"slide-bottom\"><div class=\"aio-icon-top\">\n<span class=\"crum-icon  circle  \" data-animation=\"\" data-animation-delay=\"0\"  >\n\t<i class=\"font-awesome-check-square-o hovicon effect-1 sub-a\" style=\"color:#ffffff;background:#21c2f8;width:70px;height:70px;line-height:70px;font-size:24px;\"><span class=\"circle-effect\" style=\"border-color:#21c2f8\"><\/span><\/i>\n<\/span><\/div><div class=\"aio-icon-header\"><h3 class=\"aio-icon-title\">Engagement<\/h3><\/div> <!-- header --><\/div> <!-- aio-icon-box --><\/div> <!-- aio-icon-component -->[\/vc_column_inner][\/vc_row_inner][\/vc_column][vc_column width=\u00a0\u00bb1\/2&Prime;][vc_column_text]<\/p>\n<h1>Talleres Dizmar, S.L.<\/h1>\n<p>Talleres Dizmar, S.L. est n\u00e9 \u00e0 Porrino, Pontevedra et est l&rsquo;une des soci\u00e9t\u00e9s appartenant \u00e0 GRUPO DIZMAR, cr\u00e9\u00e9 en 1974 comme un atelier de soudure et la chaudi\u00e8re.<\/p>\n<p>Gr\u00e2ce \u00e0 notre travail et le d\u00e9sir d&rsquo;am\u00e9liorer, ann\u00e9e apr\u00e8s ann\u00e9e, nous sommes sp\u00e9cialis\u00e9s dans la r\u00e9paration et la fabrication de raccords pour la machinerie lourde, l&rsquo;entretien des installations, la fabrication et le montage de structures en acier pour les grands projets, ponts, passerelles, viaducs, la construction navale, etc &#8230;<\/p>\n<p>Nous r\u00e9solvons t\u00e2che pour nos clients, la conception, le calcul, la fabrication et l&rsquo;assemblage dans les diff\u00e9rents domaines de notre sp\u00e9cialit\u00e9.<\/p>\n<p>En Juin 2014 DIZMAR GROUP a augment\u00e9 sa capacit\u00e9 de production avec extension\u00a0des ateliers situ\u00e9s dans O Carballino Ourense avec de 13.600m2 atelier, plus 11.600m\u00a0sous crochet. 25.000m2\u00a0de terrain pour les man\u0153uvres et les stocks.[\/vc_column_text][\/vc_column][\/vc_row][vc_row][vc_column][vc_separator][\/vc_column][\/vc_row][vc_row][vc_column width=\u00a0\u00bb1\/2&Prime;][vc_column_text]<\/p>\n<h1 align=\"LEFT\">Politique de l&rsquo;entreprise<\/h1>\n<p>La soci\u00e9t\u00e9 est engag\u00e9e \u00e0 obtenir le plus haut degr\u00e9 de satisfaction de la client\u00e8le.<\/p>\n<p>Les d\u00e9cisions sont destin\u00e9es \u00e0 la r\u00e9alisation des engagements.<\/p>\n<p>La direction de l&rsquo;entreprise est r\u00e9alis\u00e9e dans un environnement de respect de la loi, notant avec une attention particuli\u00e8re \u00e0 l&rsquo;application de la pr\u00e9vention s\u00e9curit\u00e9 et sant\u00e9 au travail.<\/p>\n<p>Cette politique est communiqu\u00e9e \u00e0 tous les employ\u00e9s, et est disponible pour toutes les parties int\u00e9ress\u00e9es.<\/p>\n<p>En outre, la politique est revu annuellement en suivant les proc\u00e9dures d&rsquo;am\u00e9lioration continue, et des objectifs sp\u00e9cifiques qui en d\u00e9coulent.[\/vc_column_text][\/vc_column][vc_column width=\u00a0\u00bb1\/2&Prime;][vc_single_image image=\u00a0\u00bb4437&Prime;][\/vc_column][\/vc_row][vc_row][vc_column][vc_separator][\/vc_column][\/vc_row][vc_row][vc_column width=\u00a0\u00bb1\/2&Prime;][vc_single_image image=\u00a0\u00bb4441&Prime;][\/vc_column][vc_column width=\u00a0\u00bb1\/2&Prime;][vc_column_text]<\/p>\n<h1 align=\"LEFT\">Qualit\u00e9<\/h1>\n<p>TALLERES\u00a0DIZMAR dispose d&rsquo;un syst\u00e8me de qualit\u00e9 selon la norme ISO 9001: 2008 certifi\u00e9 par l&rsquo;entreprise CQD Italia srl<\/p>\n<p>\u2022 la certification CE pour la fabrication et l&rsquo;assemblage de structures en acier selon EN 1090 dans toutes les classes de performance (EXC1, EXC2, EXC3, EXC4). UNE-EN 1090-1: 2011 + A1<\/p>\n<p>\u2022 Certification des soudeurs<\/p>\n<p>\u2022 Conforme aux normes de s\u00e9curit\u00e9 actuelles et est dans le processus de mise en \u0153uvre du syst\u00e8me de gestion selon OHSAS 18001: 2007<\/p>\n<p>\u2022 Conforme \u00e0 la r\u00e9glementation environnementale et est dans le processus de mise en \u0153uvre du syst\u00e8me de management environnemental selon la norme ISO 14001: 2004<\/p>\n<p>\u2022 appliquer des traitements anti-corrosion selon la norme ISO 12844 fabricants de peinture certifi\u00e9s.[\/vc_column_text][\/vc_column][\/vc_row]<\/p>","protected":false},"excerpt":{"rendered":"<p>[vc_row][vc_column width=\u00a0\u00bb1\/2&Prime;][vc_empty_space][vc_row_inner][vc_column_inner width=\u00a0\u00bb1\/3&Prime;][\/vc_column_inner][vc_column_inner width=\u00a0\u00bb1\/3&Prime;][\/vc_column_inner][vc_column_inner width=\u00a0\u00bb1\/3&Prime;][\/vc_column_inner][\/vc_row_inner][\/vc_column][vc_column width=\u00a0\u00bb1\/2&Prime;][vc_column_text] Talleres Dizmar, S.L. Talleres Dizmar, S.L. est n\u00e9 \u00e0 Porrino, Pontevedra et est l&rsquo;une des soci\u00e9t\u00e9s appartenant \u00e0 GRUPO DIZMAR, cr\u00e9\u00e9 en 1974 comme un atelier de soudure et la chaudi\u00e8re. Gr\u00e2ce \u00e0 notre travail et le d\u00e9sir d&rsquo;am\u00e9liorer,<span class=\"hidden\"><a   rel=\"bookmark\" href=\"https:\/\/dizmar.grupodizmar.com\/fr\/somos\/\" title=\"Read Pr\u00e9sentation\" class=\"btn btn-normal\">Read more<\/a><\/span><\/p>\n","protected":false},"author":1,"featured_media":0,"parent":0,"menu_order":0,"comment_status":"closed","ping_status":"closed","template":"","meta":{"footnotes":""},"class_list":["post-2295","page","type-page","status-publish","hentry"],"_links":{"self":[{"href":"https:\/\/dizmar.grupodizmar.com\/fr\/wp-json\/wp\/v2\/pages\/2295","targetHints":{"allow":["GET"]}}],"collection":[{"href":"https:\/\/dizmar.grupodizmar.com\/fr\/wp-json\/wp\/v2\/pages"}],"about":[{"href":"https:\/\/dizmar.grupodizmar.com\/fr\/wp-json\/wp\/v2\/types\/page"}],"author":[{"embeddable":true,"href":"https:\/\/dizmar.grupodizmar.com\/fr\/wp-json\/wp\/v2\/users\/1"}],"replies":[{"embeddable":true,"href":"https:\/\/dizmar.grupodizmar.com\/fr\/wp-json\/wp\/v2\/comments?post=2295"}],"version-history":[{"count":26,"href":"https:\/\/dizmar.grupodizmar.com\/fr\/wp-json\/wp\/v2\/pages\/2295\/revisions"}],"predecessor-version":[{"id":4616,"href":"https:\/\/dizmar.grupodizmar.com\/fr\/wp-json\/wp\/v2\/pages\/2295\/revisions\/4616"}],"wp:attachment":[{"href":"https:\/\/dizmar.grupodizmar.com\/fr\/wp-json\/wp\/v2\/media?parent=2295"}],"curies":[{"name":"wp","href":"https:\/\/api.w.org\/{rel}","templated":true}]}}