{"id":2254,"date":"2015-10-09T08:18:09","date_gmt":"2015-10-09T08:18:09","guid":{"rendered":"http:\/\/dev.crumina.net\/jolyness\/?page_id=2254"},"modified":"2017-03-01T02:05:23","modified_gmt":"2017-03-01T02:05:23","slug":"service-variation-1","status":"publish","type":"page","link":"https:\/\/dizmar.grupodizmar.com\/fr\/service-variation-1\/","title":{"rendered":"Nos Prestations"},"content":{"rendered":"<p>[vc_row css=\u00a0\u00bb.vc_custom_1444825715104{margin-top: 60px !important;margin-bottom: 70px !important;}\u00a0\u00bb][vc_column]<div class=\"title custom-heading \" data-effect=\"fade\">[vc_custom_heading text=\"PRESTATIONS\" font_container=\"text_align:center|color:%23292723|tag:h1|font_size:30px\" google_fonts=\"\" use_theme_fonts=\"yes\"]<hr>[vc_custom_heading text=\"Professionnels hautement qualifi\u00e9s et sp\u00e9cialis\u00e9s, form\u00e9s pour r\u00e9soudre tout type de probl\u00e8me constructif.\" font_container=\"text_align:center|color:%23292723|tag:p\" google_fonts=\"\" use_theme_fonts=\"yes\"]<\/div>[\/vc_column][\/vc_row][vc_row][vc_column][vc_row_inner][vc_column_inner width=\u00a0\u00bb1\/3&Prime;]<div class=\"aio-icon-component   style_5\"><div class=\"aio-icon-box square_box-icon  icon-on-border\" style=\"border-style:solid;border-width:1px;\"  ><div class=\"aio-icon-square_box icn-container\">\n<span class=\"crum-icon  circle  \" data-animation=\"\" data-animation-delay=\"0\"  >\n\t<i class=\"font-awesome-pencil \" style=\"color:#21c2f8;width:65px;height:65px;line-height:65px;font-size:21px;border-style:solid;border-color:#a9a9a9;border-width:1px;\"><\/i>\n<\/span><\/div><div class=\"aio-icon-header\"><h3 class=\"aio-icon-title\">Engineering et Calcul<\/h3><\/div> <!-- header --><div class=\"aio-icon-description\">Nous servons nos clients en utilisant d&rsquo;outils appropri\u00e9e pour chaque type de travail.<\/div> <!-- description --><\/div> <!-- aio-icon-box --><\/div> <!-- aio-icon-component -->[\/vc_column_inner][vc_column_inner width=\u00a0\u00bb1\/3&Prime;]<div class=\"aio-icon-component   style_5\"><div class=\"aio-icon-box square_box-icon  icon-on-border\" style=\"border-style:solid;border-width:1px;\"  ><div class=\"aio-icon-square_box icn-container\">\n<span class=\"crum-icon  circle  \" data-animation=\"\" data-animation-delay=\"0\"  >\n\t<i class=\"font-awesome-industry \" style=\"color:#21c2f8;width:65px;height:65px;line-height:65px;font-size:21px;border-style:solid;border-color:#a9a9a9;border-width:1px;\"><\/i>\n<\/span><\/div><div class=\"aio-icon-header\"><h3 class=\"aio-icon-title\">fabrication<\/h3><\/div> <!-- header --><div class=\"aio-icon-description\"><\/p>\n<p style=\"text-align: center;\">Nos vastes installations sont \u00e9quip\u00e9es de machines sp\u00e9cialis\u00e9es pour produits que nous fabriquons.<\/p>\n<p><\/div> <!-- description --><\/div> <!-- aio-icon-box --><\/div> <!-- aio-icon-component -->[\/vc_column_inner][vc_column_inner width=\u00a0\u00bb1\/3&Prime;]<div class=\"aio-icon-component   style_5\"><div class=\"aio-icon-box square_box-icon  icon-on-border\" style=\"border-style:solid;border-width:1px;\"  ><div class=\"aio-icon-square_box icn-container\">\n<span class=\"crum-icon  circle  \" data-animation=\"\" data-animation-delay=\"0\"  >\n\t<i class=\"font-awesome-cog gear \" style=\"color:#21c2f8;width:65px;height:65px;line-height:65px;font-size:21px;border-style:solid;border-color:#a9a9a9;border-width:1px;\"><\/i>\n<\/span><\/div><div class=\"aio-icon-header\"><h3 class=\"aio-icon-title\">Montage<\/h3><\/div> <!-- header --><div class=\"aio-icon-description\"><\/p>\n<p style=\"text-align: center;\">Nous avons des \u00e9quipes sp\u00e9cialis\u00e9es pour chaque type de structure, avec une formation sp\u00e9cialis\u00e9e pour chaque type de travail; technique, sant\u00e9 et la s\u00e9curit\u00e9 au travail.<\/p>\n<p><\/div> <!-- description --><\/div> <!-- aio-icon-box --><\/div> <!-- aio-icon-component -->[\/vc_column_inner][\/vc_row_inner][vc_row_inner][vc_column_inner width=\u00a0\u00bb1\/3&Prime;]<div class=\"aio-icon-component   style_5\"><div class=\"aio-icon-box square_box-icon  icon-on-border\" style=\"border-style:solid;border-width:1px;\"  ><div class=\"aio-icon-square_box icn-container\">\n<span class=\"crum-icon  circle  \" data-animation=\"\" data-animation-delay=\"0\"  >\n\t<i class=\"font-awesome-lightbulb-o \" style=\"color:#21c2f8;width:65px;height:65px;line-height:65px;font-size:21px;border-style:solid;border-color:#a9a9a9;border-width:1px;\"><\/i>\n<\/span><\/div><div class=\"aio-icon-header\"><h3 class=\"aio-icon-title\">d'Optimisation Projet<\/h3><\/div> <!-- header --><div class=\"aio-icon-description\"><\/p>\n<p style=\"text-align: center;\">Nous avons \u00e9valu\u00e9 et optimiser les co\u00fbts de mise en \u0153uvre des projets de nos clients utilisant appropri\u00e9 d&rsquo;outils pour chaque type de travail.<\/p>\n<p><\/div> <!-- description --><\/div> <!-- aio-icon-box --><\/div> <!-- aio-icon-component -->[\/vc_column_inner][vc_column_inner width=\u00a0\u00bb1\/3&Prime;]<div class=\"aio-icon-component   style_5\"><div class=\"aio-icon-box square_box-icon  icon-on-border\" style=\"border-style:solid;border-width:1px;\"  ><div class=\"aio-icon-square_box icn-container\">\n<span class=\"crum-icon  circle  \" data-animation=\"\" data-animation-delay=\"0\"  >\n\t<i class=\"font-awesome-building \" style=\"color:#21c2f8;width:65px;height:65px;line-height:65px;font-size:21px;border-style:solid;border-color:#a9a9a9;border-width:1px;\"><\/i>\n<\/span><\/div><div class=\"aio-icon-header\"><h3 class=\"aio-icon-title\">Construction<\/h3><\/div> <!-- header --><div class=\"aio-icon-description\"><\/p>\n<p style=\"text-align: center;\">Planification, implantation, contr\u00f4le d&rsquo;avancement du la construction, contr\u00f4le de la qualit\u00e9, etc &#8230;<\/p>\n<p><\/div> <!-- description --><\/div> <!-- aio-icon-box --><\/div> <!-- aio-icon-component -->[\/vc_column_inner][vc_column_inner width=\u00a0\u00bb1\/3&Prime;]<div class=\"aio-icon-component   style_5\"><div class=\"aio-icon-box square_box-icon  icon-on-border\" style=\"border-style:solid;border-width:1px;\"  ><div class=\"aio-icon-square_box icn-container\">\n<span class=\"crum-icon  circle  \" data-animation=\"\" data-animation-delay=\"0\"  >\n\t<i class=\"font-awesome-group \" style=\"color:#21c2f8;width:65px;height:65px;line-height:65px;font-size:21px;border-style:solid;border-color:#a9a9a9;border-width:1px;\"><\/i>\n<\/span><\/div><div class=\"aio-icon-header\"><h3 class=\"aio-icon-title\">Maintenance et service apr\u00e8s-vente<\/h3><\/div> <!-- header --><div class=\"aio-icon-description\"><\/p>\n<p style=\"text-align: center;\">Nous fournissons \u00e0 nos clients les moyens et les ressources n\u00e9cessaires pour un maintien parfait des installations ex\u00e9cut\u00e9s. R\u00e9formes et adaptations dans la mise en \u0153uvre du process productif.<\/p>\n<p><\/div> <!-- description --><\/div> <!-- aio-icon-box --><\/div> <!-- aio-icon-component -->[\/vc_column_inner][\/vc_row_inner][\/vc_column][\/vc_row][vc_row full_width=\u00a0\u00bbstretch_row\u00a0\u00bb enable_overlay=\u00a0\u00bb1&Prime; css=\u00a0\u00bb.vc_custom_1475443352745{padding-top: 50px !important;padding-bottom: 30px !important;background-image: url(http:\/\/dizmar.grupodizmar.com\/wp-content\/uploads\/2016\/09\/slider1.jpg?id=4094) !important;background-position: center !important;background-repeat: no-repeat !important;background-size: cover !important;}\u00a0\u00bb overlay_image=\u00a0\u00bb2448&Prime; font_color=\u00a0\u00bb#ffffff\u00a0\u00bb][vc_column][vc_row_inner css=\u00a0\u00bb.vc_custom_1444825427698{margin-top: 50px !important;margin-bottom: 50px !important;}\u00a0\u00bb][vc_column_inner]<div class=\"title custom-heading \" data-effect=\"fade\">[vc_custom_heading text=\"NOTRE ENGAGEMENT\" font_container=\"text_align:center|color:%23ffffff|tag:h1|font_size:30px\" google_fonts=\"\" use_theme_fonts=\"yes\"]<hr>[vc_custom_heading text=\"Dans GRUPO DIZMAR, nous sommes engag\u00e9s \u00e0 nos clients\" font_container=\"text_align:center|color:%23ffffff|tag:p\" google_fonts=\"\" use_theme_fonts=\"yes\"]<\/div>[\/vc_column_inner][\/vc_row_inner][vc_single_image image=\u00a0\u00bb4116&Prime; animation_type=\u00a0\u00bbslide-bottom\u00a0\u00bb][\/vc_column][\/vc_row][vc_row full_width=\u00a0\u00bbstretch_row\u00a0\u00bb][vc_column][vc_separator][\/vc_column][\/vc_row]<\/p>","protected":false},"excerpt":{"rendered":"<p>[vc_row css=\u00a0\u00bb.vc_custom_1444825715104{margin-top: 60px !important;margin-bottom: 70px !important;}\u00a0\u00bb][vc_column][\/vc_column][\/vc_row][vc_row][vc_column][vc_row_inner][vc_column_inner width=\u00a0\u00bb1\/3&Prime;][\/vc_column_inner][vc_column_inner width=\u00a0\u00bb1\/3&Prime;][\/vc_column_inner][vc_column_inner width=\u00a0\u00bb1\/3&Prime;][\/vc_column_inner][\/vc_row_inner][vc_row_inner][vc_column_inner width=\u00a0\u00bb1\/3&Prime;][\/vc_column_inner][vc_column_inner width=\u00a0\u00bb1\/3&Prime;][\/vc_column_inner][vc_column_inner width=\u00a0\u00bb1\/3&Prime;][\/vc_column_inner][\/vc_row_inner][\/vc_column][\/vc_row][vc_row full_width=\u00a0\u00bbstretch_row\u00a0\u00bb enable_overlay=\u00a0\u00bb1&Prime; css=\u00a0\u00bb.vc_custom_1475443352745{padding-top: 50px !important;padding-bottom: 30px !important;background-image: url(http:\/\/dizmar.grupodizmar.com\/wp-content\/uploads\/2016\/09\/slider1.jpg?id=4094) !important;background-position: center !important;background-repeat: no-repeat !important;background-size: cover !important;}\u00a0\u00bb overlay_image=\u00a0\u00bb2448&Prime; font_color=\u00a0\u00bb#ffffff\u00a0\u00bb][vc_column][vc_row_inner css=\u00a0\u00bb.vc_custom_1444825427698{margin-top: 50px !important;margin-bottom: 50px !important;}\u00a0\u00bb][vc_column_inner][\/vc_column_inner][\/vc_row_inner][vc_single_image image=\u00a0\u00bb4116&Prime; animation_type=\u00a0\u00bbslide-bottom\u00a0\u00bb][\/vc_column][\/vc_row][vc_row full_width=\u00a0\u00bbstretch_row\u00a0\u00bb][vc_column][vc_separator][\/vc_column][\/vc_row]<\/p>\n","protected":false},"author":1,"featured_media":0,"parent":0,"menu_order":0,"comment_status":"closed","ping_status":"closed","template":"","meta":{"footnotes":""},"class_list":["post-2254","page","type-page","status-publish","hentry"],"_links":{"self":[{"href":"https:\/\/dizmar.grupodizmar.com\/fr\/wp-json\/wp\/v2\/pages\/2254","targetHints":{"allow":["GET"]}}],"collection":[{"href":"https:\/\/dizmar.grupodizmar.com\/fr\/wp-json\/wp\/v2\/pages"}],"about":[{"href":"https:\/\/dizmar.grupodizmar.com\/fr\/wp-json\/wp\/v2\/types\/page"}],"author":[{"embeddable":true,"href":"https:\/\/dizmar.grupodizmar.com\/fr\/wp-json\/wp\/v2\/users\/1"}],"replies":[{"embeddable":true,"href":"https:\/\/dizmar.grupodizmar.com\/fr\/wp-json\/wp\/v2\/comments?post=2254"}],"version-history":[{"count":20,"href":"https:\/\/dizmar.grupodizmar.com\/fr\/wp-json\/wp\/v2\/pages\/2254\/revisions"}],"predecessor-version":[{"id":4581,"href":"https:\/\/dizmar.grupodizmar.com\/fr\/wp-json\/wp\/v2\/pages\/2254\/revisions\/4581"}],"wp:attachment":[{"href":"https:\/\/dizmar.grupodizmar.com\/fr\/wp-json\/wp\/v2\/media?parent=2254"}],"curies":[{"name":"wp","href":"https:\/\/api.w.org\/{rel}","templated":true}]}}